{"id":18,"date":"2006-05-08T17:22:34","date_gmt":"2006-05-08T15:22:34","guid":{"rendered":"http:\/\/free-beer.dk\/blog\/recipe\/"},"modified":"2022-06-09T13:07:58","modified_gmt":"2022-06-09T11:07:58","slug":"recipe","status":"publish","type":"page","link":"https:\/\/freebeer.org\/blog\/recipe","title":{"rendered":"Recipe"},"content":{"rendered":"<h1>FREE BEER X BREWERY 304, version 8.0, Golden Ale, 2022<\/h1>\n<p>&#8211; Batch Scale : 20L<br \/>\n&#8211; Target profile : hop-malt balanced (a bit more malt-forwarded)<br \/>\n&#8211; Target degree : 4% ABV, 1.5~2 Plato, 18 IBU<br \/>\n* Substitution of similar ingredient applicable<\/p>\n<p>* Mashing ingredients<br \/>\n2-row Pilsner malt 3kg<br \/>\nCara-Pils 0.2kg<br \/>\n+ Water profile SO4 : Cl2 = 0.2: 1 recommended<\/p>\n<p>* Mashing profile (Step mash)<br \/>\n&#8211; Strike malt with 70degC \/ 9.6L water (dependent on ambient temperature)<br \/>\n&#8211; 63degC, 15mins<br \/>\n&#8211; 68degC, 15mins<br \/>\n&#8211; 72degC, 15mins<br \/>\n&#8211; 76degC, 5mins (Mash out)<\/p>\n<p>* Sparging<br \/>\n&#8211; Fly sparging with 76degC \/ 15.5L water<\/p>\n<p>* Boiling<br \/>\n&#8211; Pre-boil volume: 22L<br \/>\n= Cascade, 60mins, 5g<br \/>\n&#8211; Post-boil volume: 20L<br \/>\n= Cascade, Flame out, 10mins before chilling, 5g<br \/>\n= Eukanot, Flame out, 10mins before chilling, 25g<\/p>\n<p>* Chilling and yeast pitching<br \/>\n&#8211; Wort chilling temperature target: 19~20degC<br \/>\n&#8211; Yeast pitch : 1pkg of US-05 (11.5g)<br \/>\n&#8211; Fermentation temperature: 18~20degC<\/p>\n<p>* Conditioning<br \/>\n&#8211; about 0~1degC, at least more than 2days (until almost~all trubs are settled down)<br \/>\n&#8211; Fining agent can be poured in for good clarity within a few days<\/p>\n<p>* Packaging<br \/>\n&#8211; For priming process: 10g corn sugar \/ 1L beer<br \/>\n&#8211; Target carbonation : 2.4~2.6v\/v<\/p>\n<h1>FREE BEER version 7.0 &#8220;Kreuzberger Kr\u00f6nung&#8221;<\/h1>\n<p>Ingredients:<br \/>\n&#8211; 8400 g Pilsner Malt<br \/>\n&#8211; 5830 g Munich Malt<br \/>\n&#8211; 860 g CaraHell (Caramel Malt)<br \/>\n&#8211; 720 g Melanoidin Malt<br \/>\n&#8211; ca. 124 g El Dorado Hops (sufficient for 30 IBU, depending on the alpha acid rate of the respective hops; the concrete amount of hops varies accordingly)<br \/>\n&#8211; 35 g S-04 Yeast (3 Units)<\/p>\n<p>Brewing:<br \/>\n&#8211; Crush the Malt and mash in 41.22 L Water at 73.00 \u00b0C.<br \/>\n&#8211; Rest for 60 minutes at 66.00 \u00b0C.<br \/>\n&#8211; Mash out at 78.00 \u00b0C.<br \/>\n&#8211; Filter the mixture and pour 36.90 L water over the Mash.<br \/>\n&#8211; Add 88 gHops and simmer at 98 \u00b0C for 60min.<br \/>\n&#8211; Add another 40 g of Hops.<br \/>\n&#8211; Chill to 25\u00b0C, filter the mixture and pour into a container.<br \/>\n&#8211; Add Yeast and leave sealed in the container at 20\u00b0C for 14 days for primary fermentation.<br \/>\n&#8211; Transfer the mixture to a clean container and add 100g Sugar and 2 tablespoonful Yeast from the bottom of the primary fermentation container.<br \/>\n&#8211; Bottle for secondary fermentation and carbonation and leave at 20\u00b0C for 8-10 days.<br \/>\n&#8211; Store bottles at 12-14\u00b0C for another 14 days.<br \/>\n&#8211; Serve cold and enjoy.<\/p>\n<h1>FREE BEER 7.0 Codename: Plum Monastery Amber Lager<\/h1>\n<p>Made by Praha993 in Busan, Korea.<br \/>\n*This recipe is converted to be for 25 liter, so people can make it in their homes without any professional equipment.<\/p>\n<p>Czech pilsner malt 4.5kg<br \/>\nCarapils malt (or crystal malt) 0.25kg<br \/>\nCaramel malt 0.4kg caramel malt (~40\u00b0L)<br \/>\nChocolate malt 35g<br \/>\nRoasted barley 50g<\/p>\n<p>42g sladek hop (80&#8242; addition)<br \/>\n33g saaz (0&#8242; addition)<\/p>\n<p>Meshil (plum) 600-800ml depends how aromatic and sweet you wish the beer to be<\/p>\n<p>Single infusion mash at 64\u00b0C for an hour, then heat up to mash out temp 78\u00b0 After lautering, sparge by 78\u00b0C hot water. Boil worth for 80&#8242; with two additions of hops. In the first minute of boiling, add Sladek hop. While whirl-pooling, add Saaz<\/p>\n<p>Cool wort and add yeast.<\/p>\n<p>Recommend Czech Budweiser yeast strain, or any other czech yeast strain. Temperatures and time for the primal fermentation and lagering&#8211;&gt; follow yeast package instructions.<\/p>\n<p>Add meshil to the kettle for lagering, at ~3\u00b0C temperature.<\/p>\n<h1>FREE BEER 6.0 &#8211; The Atlantic Brew, 2017<\/h1>\n<p>Target ABV 4.6%, Target volume 1550 litres<\/p>\n<p>BITTERING HOPS: Weight oz (Alpha %)<br \/>\nAdmiral 47 (16.7)<br \/>\nGoldings 40 (5.35)<br \/>\nTotal 87 (22.05)<\/p>\n<p>AROMA\/LATE HOPS: Weight oz (Alpha %)<br \/>\nFirst gold 32 (10.2)<\/p>\n<p>MALT: Weight lbs (Weight kg)<br \/>\nLager 496.04 (225)<br \/>\nAmber 5.625 (2.5515)<br \/>\nCrystal 28.125 (12.7575)<br \/>\nChocolate 3.9375 (1.78605)<br \/>\nCrushed malted wheat 11.25 (5.103)<br \/>\nTerrefied wheat 5.625 (2.5515)<\/p>\n<h1>FREE BEER (vers\u00e3o 6.0) codename (Museu do Amanh\u00e3)<\/h1>\n<p>(cerveja ale, 100% malte, extrato original: 12\u00b0P, amargor: 24 IBU, Abv.: 4,6%, volume: 20L)<\/p>\n<p>Ingredientes:<br \/>\n35L \u00c1gua mineral ou filtrada<br \/>\n4kg Malte Pilsen ou Pale Ale<br \/>\n500g Malte Carapils<br \/>\n300g Malte de trigo<br \/>\n140g Aveia em flocos<br \/>\n22g L\u00fapulo Citra<br \/>\n17g L\u00fapulo Cascade<br \/>\n100g Capim Lim\u00e3o<br \/>\n25g Guaran\u00e1 em p\u00f3<br \/>\n1 sach\u00ea Fermento US-05<\/p>\n<p>Procedimento:<br \/>\nMoer o malte (4,8kg), n\u00e3o sendo necess\u00e1rio moer a aveia<br \/>\nAquecer 12 litros de \u00e1gua a 58\u00b0C<br \/>\nMisturar os 12 litros de \u00e1gua a 58\u00b0C com os maltes mo\u00eddos e a aveia em flocos<br \/>\nRepousar a mistura a 55\u00b0C por 15 min<br \/>\nAquecer a mistura de 55\u00b0C para 66\u00b0C em 20 min<br \/>\nRepousar a mistura a 66\u00b0C por 45 min<br \/>\nAquecer a mistura de 66\u00b0C para 71\u00b0C em 15 min<br \/>\nRepousar a mistura a 71\u00b0C por 15 min<br \/>\nAquecer a mistura de 71\u00b0C para 78\u00b0C<br \/>\nRepousar a mistura a 78\u00b0C por 5 min<br \/>\nIniciar a recircula\u00e7\u00e3o de mosto (recircular at\u00e9 o mosto sair l\u00edmpido)<br \/>\nIniciar o processo de filtra\u00e7\u00e3o de mosto, coletando aprox. 8 litros de mosto<br \/>\nLavar o baga\u00e7o duas vezes com 11 litros de \u00e1gua a 78\u00b0C, coletando aprox. 26 litros<br \/>\nFerver o mosto coletado (aprox. 26 litros) por 90 minutos<br \/>\nAdicionar 5g de Citra 30 min ap\u00f3s o in\u00edcio da fervura<br \/>\nAdicionar 5g de Citra e 5g de Cascade 60 min ap\u00f3s o in\u00edcio da fervura<br \/>\nAdicionar 12g de Citra e 12g de Cascade 5 min antes do t\u00e9rmino da fervura<br \/>\nUtilizando um chiller, resfriar o mosto a para 18\u00b0C e transferi-lo para um fermentador j\u00e1 previamente limpo e sanitizado promovendo aera\u00e7\u00e3o do mosto<br \/>\nInocular a levedura US-05 (1 sach\u00ea de 11,5g)<br \/>\nFermentar a 18-20\u00b0C por 5-7 dias at\u00e9 a atenua\u00e7\u00e3o alcan\u00e7ar 3\u00b0P<br \/>\nMaturar a cerveja a 0-4\u00b0C por 10-15 dias<br \/>\nDissolver 130g de a\u00e7\u00facar na cerveja maturada e imediatamente envaza-la em garrafas de vidro, previamente limpas e esterilizadas<br \/>\nCondicionar as garrafas tampadas em local escuro e inodoro a temperatura de 18-22\u00b0C por 5-7 dias para refermenta\u00e7\u00e3o na garrafa e carbonata\u00e7\u00e3o<\/p>\n<h1>FREE BEER VERSION 4.0, SEPTEMBER 2008, Codename: SKANDS<\/h1>\n<p>(19 L, ALL-GRAIN) OG = 1.054 FG = 1.014 IBU = 32 SRM = 19 ABV = 5,1 %)<\/p>\n<p>INGREDIENTS<\/p>\n<p>MALT:<br \/>\n3,8 kg Maris Otter (3,0 SRM)<br \/>\n800 g Munich Malt (7,1 SRM)<br \/>\n200 g Crystal Malt (66,0 SRM)<br \/>\n100 g Brown Malt (95,4 SRM)<br \/>\n80 g Carafa Special Type III (710,7 SRM)<br \/>\nHOPS:<br \/>\n7.48 AAU Northern Brewer hop pellets (FWH.)<br \/>\n(25 g of 8.5% alpha acid)<br \/>\n2.92 AAU Williamette hop pellets (7 min.)<br \/>\n(15 g of 5.5% alpha acid)<\/p>\n<p>SPICE:<br \/>\n35 g Guaran\u00e1 berries<br \/>\nCrush Guaran\u00e1 beans and infuse in 1 quart of hot boiled<br \/>\nwater (max temperature 78 \u00b0C).<br \/>\nFilter the mixture and add to the boiling wort the last 15<br \/>\nminutes.<br \/>\nYEAST:<br \/>\nLondon Ale (White Labs #WLP013)<\/p>\n<p>STEP BY STEP<\/p>\n<p>Mash crushed grains at 66,0 \u00b0C in 13,5 L of water.<br \/>\nHold mash at 66 \u00b0C for 60 minutes.<br \/>\nHeat to 72 \u00b0C.<br \/>\nHold mash at 72 \u00b0C for 5 minutes.<br \/>\nHeat to 78 \u00b0C.<br \/>\nHold mash at 78 \u00b0C for 10 minutes.<br \/>\nSparge with 15,5 L of 78 \u00b0C water.<br \/>\nCollect 22,7 L of wort.<br \/>\nRemember to add Northern Brewer hops at the beginning<br \/>\nof sparge a.k.a. First Wort Hops\/FWH.<br \/>\nBoil wort for 60 minutes.<br \/>\nAdd the Guaran\u00e1 mixture the last 15 minutes and the<br \/>\nWillamette hops the last 7 minutes.<br \/>\nCool wort to 19,5 \u00b0C and transfer to clean and disinfected<br \/>\nfermenter.<\/p>\n<p>Remember to aerate the cooled wort, dissolving as much<br \/>\noxygen as possible in the wort.<br \/>\nPitch Yeast.<br \/>\nFerment at 19,5 \u00b0C until fermentation is completed (approx.<br \/>\n7-10 days).<br \/>\nDissolve 90 g of sugar in a small amount boiling water.<br \/>\nPut the sugar mixture in a clean and disinfected container,<br \/>\nand transfer the fermented beer this will ensure even<br \/>\ndistribution of carbonation sugar.<br \/>\nLeave as much yeast sediment\/trub as possible, in the<br \/>\nfermenter.<br \/>\nBe careful not to aerate the fermented beer in the process.<br \/>\nBottle for carbonation and leave at 19,5 \u00b0C for 7-10 days.<br \/>\nStore bottles at 4-8 \u00b0C for another 14-30 days.<br \/>\n\u2013 Serve cold and enjoy.<\/p>\n<p>FREE BEER version 3.1 is on it&#8217;s way.<\/p>\n<h1>FREE BEER vers\u00e3o 3.4 (Codename: &#8216;Germania&#8217;)<\/h1>\n<p>Brewer: Arnaldo RIbero, Sao Paulo, Brasil, November 2007.<br \/>\n(CERVEJA ALE, 100% MALTE DE CEVADA, EXTRATO ORIGINAL 11,5\u00baP, AMARGOR TOTAL 12 IBU, \u00c1LCOOL 3,8% V\/V, VOLUME FINAL DE 19 L)<\/p>\n<p>Ingredientes:<br \/>\n\u00c1gua (11,7 L)<br \/>\nMalte<br \/>\nPilsen (2,0 Kg)<br \/>\nPale Ale (0,6 Kg)<br \/>\nCaramelo (230 g)<br \/>\nCarafa (100 g)<br \/>\nL\u00fapulo<br \/>\nVariedade Galena (22,5 g em pellets de 10,5% alfa-\u00e1cidos)<br \/>\nVariedade Perle (10,0 g em pellets de 4.4% alfa-\u00e1cidos)<br \/>\nLevedura<br \/>\nAle (alta fermenta\u00e7\u00e3o, SAFALE SO 4)<\/p>\n<p>Passo a passo:<br \/>\nMoer os maltes (2,930 Kg).<br \/>\nMisturar os maltes mo\u00eddos em 11,7 L de \u00e1gua a 66\u00baC (propor\u00e7\u00e3o \u2013 1 Kg malte : 4 L \u00e1gua).<br \/>\nManter mosto a 66\u00baC por 60 minutos.<br \/>\nElevar temperatura para 72\u00baC.<br \/>\nManter mosto a 72\u00baC por 5 minutos.<br \/>\nElevar temperatura para 78\u00baC.<br \/>\nManter mosto a 78\u00baC por 10 minutos.<br \/>\nIniciar filtra\u00e7\u00e3o coletando aproximadamente 9 L de mosto.<br \/>\nLavar o baga\u00e7o com 11 L de \u00e1gua a 78\u00baC, coletando no total 20 L de mosto.<br \/>\nFerver mosto filtrado por 75 minutos.<br \/>\nAdicionar 12,5 g de l\u00fapulo Galena 1 minuto ap\u00f3s in\u00edcio da fervura, 10,0 g de l\u00fapulo Galena 30 minutos ap\u00f3s in\u00edcio da fervura e 10,0 g de l\u00fapulo Perle 1 minuto antes do t\u00e9rmino da fervura.<br \/>\nResfriar o mosto a 19\u00baC e transferir para fermentador limpo e esterilizado. Aerar o mosto frio, dissolvendo o m\u00e1ximo de oxig\u00eanio poss\u00edvel.<br \/>\nDosar levedura (propor\u00e7\u00e3o \u2013 5 a 8 g levedura : 10 L mosto frio).<br \/>\nFermentar a 20\u00baC at\u00e9 processo de fermenta\u00e7\u00e3o completo (aproximadamente 4 a 5 dias).<br \/>\nCuidar para n\u00e3o mais aerar a cerveja em processo de fermenta\u00e7\u00e3o e matura\u00e7\u00e3o.<br \/>\nResfriar para 8 a 10\u00baC e manter esta temperatura de matura\u00e7\u00e3o durante 10 a 15 dias.<br \/>\nResfriar para 0 a 2\u00baC nos \u00faltimos 2 dias de matura\u00e7\u00e3o para garantir o m\u00e1ximo de sedimenta\u00e7\u00e3o e remo\u00e7\u00e3o de leveduras poss\u00edvel.<br \/>\nAcondicionar em garrafas limpas e esterilizadas e manter a temperatura entre 2 e 4\u00baC para consumo em, no m\u00e1ximo, 20 dias.<br \/>\nSa\u00fade!<\/p>\n<h1>FREE BEER version 3.3 (codename: &#8220;Linghzi&#8221;)<\/h1>\n<p>Knoxville, Tennessee, November 2007.<\/p>\n<p>(5 gallons\/19 L, all-grain) OG = 1.054 FG = 1.014 IBU = 32 SRM = 19 ABV = 5,2 %<\/p>\n<p>Ingredients<br \/>\nMalt: 10 lbs Maris Otter,<br \/>\n1 lbs Munich Malt,<br \/>\n7 oz Crystal Malt 90L,<br \/>\n4 oz Brown Malt,<br \/>\n3 oz Special B<\/p>\n<p>Hops:<br \/>\n7.48 AAU Northern Brewer hop pellets (FWH.),<br \/>\n(1 oz of 8.5% alpha acid),<br \/>\n2.92 AAU E. Kent Goldings hop pellets (7 min.),<br \/>\n(1 oz of 5.5% alpha acid)<\/p>\n<p>&#8220;Spice&#8221;:<br \/>\n2 oz Guaran\u00e1 berries.<br \/>\nCrush Guaran\u00e1 berries and infuse in 1 quart of hot boiled water (max temperature 172 \u00b0F).<br \/>\nFilter the mixture and add to the boiling wort the last 15 min.<\/p>\n<p>2 oz Reishi  Mushroom (Ganoderma Lucidum, Lingzhi).<br \/>\nCrush or grind and infuse in 1 quart of hot boiled water (max temperature 172 \u00b0F).<br \/>\nSteep for 30 minutes.<br \/>\nFilter the mixture and add to the boiling wort the last 15 min.<\/p>\n<p>Yeast:<br \/>\nLondon Ale (White Labs #WLP013)<\/p>\n<p>Step by Step<br \/>\nMash crushed grains at 150 \u00b0F  in 14 quarts of Water.<br \/>\nHold mash at 151 \u00b0F for 60 minutes.<br \/>\nHeat to 162 \u00b0F.<br \/>\nHold mash at 162 \u00b0F for 5 minutes.<br \/>\nHeat to 172 \u00b0F.<br \/>\nHold mash at 172 \u00b0F for 10 minutes.<br \/>\nSparge with 4 gallons of 172 \u00b0F water.<br \/>\nCollect 6 gallons of wort.<br \/>\nRemember to add Northern Brewer hops at the beginning of sparge a.k.a. First Wort Hops\/FWH.<br \/>\nBoil wort for 60 minutes.<br \/>\nAdding the Guaran\u00e1 mixture the last 15 minutes and the Willamette hops the last 7 minutes.<br \/>\nCool wort to 67 \u00b0F and transfer to clean and disinfected fermenter.<br \/>\nRemember to aerate the cooled wort, dissolving as much oxygen as possible in the wort.<\/p>\n<p>Pitch Yeast.<\/p>\n<p>Ferment at 67 \u00b0F until fermentation is completed (aprox. 7-10 days).<\/p>\n<p>Dissolve 3 oz of sugar in a small amount boiling water.<br \/>\nPut the sugar mixture in a clean and disinfected container, and transfer the fermented beer this will ensure even distribution of carbonation sugar. Leave as much yeast sediment\/trub as possible, in the fermenter.<br \/>\nBe careful not to aerate the fermented beer in the process.<\/p>\n<p>Bottle for carbonation and leave at 67 \u00b0F for 7-10 days.<\/p>\n<p>Store bottles at 39-46 \u00b0F for another 14-30 days.<\/p>\n<p>Serve cold and enjoy.<\/p>\n<p>FREE BEER version 3.3 is published under a Creative Commons license (Attribution-ShareAlike 2.5) and is brewed in collaboration with Everything Mushroom, Knoxville. <a href=\"http:\/\/www.everythingmushroom.com\">http:\/\/www.everythingmushroom.com<\/a><\/p>\n<h1>FREE BEER version 3.2 (codename: &#8220;St Austell&#8221;)<\/h1>\n<p>July 2007<\/p>\n<p>This version of Free Beer was brewed at St Austell Brewery, a regional brewery in Cornwall, England.  The brew will yield 30 UK barrels  (approximately 5,000 Litres).  Quantities may be scaled down pro rata for smaller breweries.<\/p>\n<p>Malt<\/p>\n<p>900 kg Pale Ale Malt 9 (ex. Maris Otter barley)<br \/>\n125 Kg malted Wheat<br \/>\n125 kg Cornish Gold Malt (substitute \u2018Munich\u2019 malt)<br \/>\n75 kg Crystal malt (150 degrees colour)<br \/>\n25 Kg Brown malt<\/p>\n<p>Total grist charge, 1250 kg<\/p>\n<p>Liquor treatment<\/p>\n<p>Calcium Sulphate 1g per Kg grist<br \/>\nCalcium Chloride 1g per Kg grist<\/p>\n<p>Hops<\/p>\n<p>Northern Brewer whole leaf hops\t15 lbs  (6.8 Kg)<br \/>\nWillamette whole leaf hops\t\t9 lbs (4.1 kg)<\/p>\n<p>Additions<\/p>\n<p>Guarana\t\t26 lbs (11.8 Kg)<\/p>\n<p>Method<\/p>\n<p>Mill malt to course grist.<\/p>\n<p>Mash with liquor at single temperature (65 degrees C) for 90 minutes.<br \/>\n(Liquor ratio, 2.5 parts liquor to 1 part grist)<\/p>\n<p>Set taps and sparge mash at 74 C.  Run worts to brewing copper; collect 35 barrels (5700 litres) at 53 gravity.<\/p>\n<p>Add Northern Brewer hops and boil for 60 mins.<\/p>\n<p>Add Willamette hops and 150 grams \u2018Copper\u2019 finings.  Boil for a further 15 mins.  Simultaneously infuse milled Gurana in hot liquor at 74 C for 15 mins.<\/p>\n<p>Add guarana infusion to copper and cast wort into hopback.<\/p>\n<p>Recirculate worts to hopback for ten minutes or until worts bright, and the forward to wort receiver.  Then cool through paraflow to 14.5 C and collect in fermenter. Add dissolved oxygen at paraflow to 15 ppm.<\/p>\n<p>Adjust gravity to 56 degrees OG (14 Plato) and pitch with ale yeast (we use St Austell own strain, but may be replaced by any top fermenting ale strain, e.g. Whitbread B, or Nottingham Ale)<\/p>\n<p>Hold at maximum temperature of 15 C for 44 hours and then allow to ramp to 18 C for a further 24 hours.  Skim yeast and allow 24-hour stand at 18 C to reduce diacetyl.  Cool back to 8 C over 48 hours.<\/p>\n<p>Total fermentation time is 7 days.  Beer is then racked to conditioning tank, where it is crash chilled to 0 C, and held at this temperature for 7 days.  The beer is then sterile (0.45 micron) filtered and dosed with 1 degree of glucose syrup and reseeded with 0.25 million cells per ml ale yeast and bottled.<\/p>\n<p>Bottled beer requires two to three weeks in bottle top \u2018condition\u2019 before it is ready for drinking.<\/p>\n<p>Final beer analysis:<\/p>\n<p>OG\t\t56 degrees<br \/>\nPG \t\t12.5 degrees<br \/>\nABV\t\t5.5 %<br \/>\nPH\t\t4.15<br \/>\nColour\t\t45 EBC<br \/>\nBitterness\t17 EBU<br \/>\nCO2\t\t2.2 Volumes<\/p>\n<p>Put in the fridge and enjoy FREE BEER!!!<\/p>\n<h1>FREE BEER version 3.0 (codename: &#8220;Skands&#8221;)<\/h1>\n<p>(5 gallons\/19 L, all-grain) OG = 1.054 FG = 1.014 IBU = 32 SRM = 19 ABV = 5,2 %<\/p>\n<p>June 2006<\/p>\n<p><strong>Ingredients:<\/strong><br \/>\nMalt:<br \/>\n9.26 lbs (4,20 kg) Maris Otter (3,0 SRM)<br \/>\n1.10 lbs (0,50 kg) Munich Malt (7,1 SRM)<br \/>\n7.04 oz (200 g) Crystal Malt (66,0 SRM)<br \/>\n3.52 oz (100 g) Brown Malt (95,4 SRM)<br \/>\n2.88 oz (80 g) Carafa Special Type III (710,7 SRM)<\/p>\n<p>Hops:<br \/>\n7.48 AAU Northern Brewer hop pellets (FWH.)<br \/>\n(0.88 oz\/25 g of 8.5% alpha acid)<br \/>\n2.92 AAU Williamette hop pellets (7 min.)<br \/>\n(0.53 oz\/15 g of 5.5% alpha acid)<\/p>\n<p>&#8220;Spice&#8221;:<br \/>\n2 oz (57 g) Guaran\u00e1 beans<br \/>\nCrush Guaran\u00e1 beans and infuse in 1 quart of hot boiled water (max temperature 172.4 F\/78.0 C).<br \/>\nFilter the mixture and add to the boiling wort the last 15 min.<\/p>\n<p>Yeast:<br \/>\nLondon Ale (White Labs #WLP013)<\/p>\n<p><strong>Step by Step<\/strong><br \/>\nMash crushed grains at 150.8 F (66,0 C) in 14,01 quarts (13,26 L) of Water.<br \/>\nHold mash at 150.8 F (66,0 C) for 60 minutes.<br \/>\nHeat to 161.6 F (72,0 C)<br \/>\nHold mash at 161.6 F (72,0 C) for 5 minutes.<br \/>\nHeat to 172.4 F (78,0 C)<br \/>\nHold mash at 172.4 F (78,0 C) for 10 minutes.<\/p>\n<p>Sparge with 4.09 gallons (15,49 L) of 172.4 F (78,0 C) water<\/p>\n<p>Collect 6 gallons (22,7 L) of wort<br \/>\nRemember to add Northern Brewer hops at the beginning of sparge a.k.a. First Wort Hops\/FWH<\/p>\n<p>Boil wort for 60 minutes<br \/>\nAdding the Guaran\u00e1 mixture the last 15 minutes and the Willamette hops the last 7 minutes.<\/p>\n<p>Cool wort to 67,1 F (19,5 C) and transfer to clean and disinfected fermenter. Remember to aerate the cooled wort, dissolving as much oxygen as possible in the wort.<\/p>\n<p>Pitch Yeast<\/p>\n<p>Ferment at 67,1 F (19,5 C) until fermentation is completed (aprox. 7-10 days).<\/p>\n<p>Dissolve 3.07 oz (87 g) of sugar in a small amount boiling water. Put the sugar mixture in a clean and disinfected container, and transfer the fermented beer this will ensure even distribution of carbonation sugar.<br \/>\nLeave as much yeast sediment\/trub as possible, in the fermenter<br \/>\nBe careful not to aerate the fermented beer in the process<\/p>\n<p>Bottle for carbonation and leave at 67,1 F (19,5 C) for 7-10 days<\/p>\n<p>Store bottles at 39.2-46.4 F (4-8 C) for another 14-30 days.<\/p>\n<p>Serve cold and enjoy.<\/p>\n<h1>FREE BEER version 2.0 (codename: &#8220;Apollo&#8221;)<\/h1>\n<p>This version was brewed at the Apollo Microbrewery and thus the recipe is not made for home brewing.<br \/>\nThis recipe will yield 10 hl<\/p>\n<p>Ingredients:<\/p>\n<p><strong>Malt:<\/strong><br \/>\n75 kg Pilsner malt<br \/>\n50 kg M\u00fcnschener malt<br \/>\n50 kg Caramel malt<br \/>\n25kg Carared<\/p>\n<p><strong>Other:<\/strong><br \/>\n3 kg ground Guaran\u00e1 beans<\/p>\n<p><strong>Hops:<\/strong><br \/>\nSimcoe 60g alpha acid<br \/>\nPalisade 35g apha acid<\/p>\n<p><strong>Yeast:<\/strong><br \/>\nLiquid yeast imported from Germany<br \/>\nBottom yeast 365, originally from w34\/70. This yeast was chosen because of its<br \/>\ngreat taste while maintaining a low risk of diacetyl. It also allows extended<br \/>\nfermentation and settles well.<\/p>\n<p>Water used for mashing: 7 hl<br \/>\nStart temperature: 42C<\/p>\n<p>Mashing            Temperature     Minutes<br \/>\nPrimary            at 42C        15<br \/>\nHeating            to 51C        5<br \/>\nMashing break        at 51C        10<br \/>\nHeating            to 66C        15<br \/>\nSugaring break        at 66C        min 60<\/p>\n<p>(Iodine norm must be attained, else continue)<br \/>\nHeating             to 78C        15<\/p>\n<p>Afterpouring         vol. HL        % Plato<br \/>\nParent herb        5.5            17.10<br \/>\n1. pouring            9.4            13.50<br \/>\n2. pouring            10            13.00<br \/>\n3. pouring            10,6            12.50<\/p>\n<p>Boiling the herb        vol HL        % Plato<br \/>\npreboil (hot)        10.6            12.4<br \/>\npostboil (hot)        10.0            13.2<\/p>\n<p>Boiling time from full kettle    60 min<\/p>\n<p>The herb is cooled to 12C. Fermentation at 12C<\/p>\n<p><strong>Method:<br \/>\n<\/strong> Crush the malt and steep at 55 \u00b0C in 15 L water for 90min<\/p>\n<p>Filter the mixture and pour 10 L water over the mash<\/p>\n<p>Add hops, guaran\u00e1 berries and sugar and simmer at 98 \u00b0C for 60min.<\/p>\n<p>Chill to 25\u00b0C, filter the mixture and pour into a container<\/p>\n<p>Add Yeast and leave sealed in the container at 20\u00b0C for 14 days for primary fermentation.<\/p>\n<p>Transfer the mixture to a clean container and add 100g sugar and 2 tablespoonful yeast from the bottom of the primary fermentation container.<\/p>\n<p>Bottle for secondary fermentation and carbonation and leave at 20\u00b0C for 8-10 days.<\/p>\n<p>Store bottles at 12-14\u00b0C for another 14 days<\/p>\n<p><strong>Serve cold and enjoy.<\/strong><\/p>\n<p>FREE BEER is published under a Creative Commons license (Attribution-ShareAlike 2.5)<\/p>\n<h1>FREE BEER version 1.5 (codename: &#8220;Samvirke&#8221;)<\/h1>\n<p>Approx. 6% alkohol<br \/>\n<em>Note: This recipe is better suited for home brewing<\/em><\/p>\n<p>Recipe for 25 liters.<\/p>\n<p><strong>Ingredients:<\/strong><br \/>\n3 kg pale malt extract<br \/>\n18 g Tetnang bitter hops<br \/>\n15 g Hallertaver aroma hops<br \/>\n90g ground guaran\u00e1 beans<br \/>\nOne unit Safbrew T-58 yeast<br \/>\n1.2 kg brown sugar<\/p>\n<p><strong>Procedure:<\/strong><br \/>\nMix the malt extract, hops, sugar and guaran\u00e1 with approximately 20l of water and simmer 60 min at boiling point.<\/p>\n<p>After a cooling period, filter the mixture, and pour into a sealed container.<\/p>\n<p>Add yeast and leave sealed in the container at room temperature for approx. 2 weeks.<\/p>\n<p>Once primary fermentation is over, transfer the mixture to a clean container.<\/p>\n<p>When bottling, add 4g of sugar (dissolved in water) per liter beer and a bit of yeast from the bottom of the primary fermentation container.<\/p>\n<p>Leave the beer in the bottle for secondary fermentation and carbonation another 8-10 days. You will then be able to enjoy a refreshing, home brewn FREE BEER.<\/p>\n<h1>FREE BEER version 1.0 (codename: &#8220;Vores \u00d8l&#8221;)<\/h1>\n<p>Recipe for 25 L, (5.6% vol.)<\/p>\n<p><strong>Ingredients:<\/strong><br \/>\n1800 g Pilsner malt<br \/>\n1200 g M\u00fcnschener malt<br \/>\n300 g Caramel malt<br \/>\n300 g Lager malt<br \/>\n18 g Tetnang bitter hops<br \/>\n15 g Hallertaver aroma hops<br \/>\n90 g Guaran\u00e1<br \/>\n1200 g Sugar<br \/>\nSafbrew T-58 Yeast<\/p>\n<p><strong>Method:<\/strong><br \/>\nCrush the malt and steep at 55 \u00b0C in 15 L water for 90min.<\/p>\n<p>Filter the mixture and pour 10 L water over the mash.<\/p>\n<p>Add hops, guaran\u00e1 berries and sugar and simmer at 98 \u00b0C for 60min.<\/p>\n<p>Chill to 25\u00b0C, filter the mixture and pour into a container.<\/p>\n<p>Add Yeast and leave sealed in the container at 20\u00b0C for 14 days for primary fermentation.<\/p>\n<p>Transfer the mixture to a clean container and add 100g sugar and 2 tablespoonful yeast from the bottom of the primary fermentation container.<\/p>\n<p>Bottle for secondary fermentation and carbonation and leave at 20\u00b0C for 8-10 days.<\/p>\n<p>Store bottles at 12-14\u00b0C for another 14 days.<\/p>\n<p><strong>Serve cold and enjoy.<\/strong><\/p>\n<p>FREE BEER is published under a Creative Commons license (Attribution-ShareAlike 2.5)<\/p>\n","protected":false},"excerpt":{"rendered":"<p>FREE BEER X BREWERY 304, version 8.0, Golden Ale, 2022 &#8211; Batch Scale : 20L &#8211; Target profile : hop-malt balanced (a bit more malt-forwarded) &#8211; Target degree : 4% ABV, 1.5~2 Plato, 18 IBU * Substitution of similar ingredient applicable * Mashing ingredients 2-row Pilsner malt 3kg Cara-Pils 0.2kg + Water profile SO4 : [&hellip;]<\/p>\n","protected":false},"author":8,"featured_media":0,"parent":0,"menu_order":2,"comment_status":"open","ping_status":"open","template":"about.php","meta":{"footnotes":""},"_links":{"self":[{"href":"https:\/\/freebeer.org\/blog\/wp-json\/wp\/v2\/pages\/18"}],"collection":[{"href":"https:\/\/freebeer.org\/blog\/wp-json\/wp\/v2\/pages"}],"about":[{"href":"https:\/\/freebeer.org\/blog\/wp-json\/wp\/v2\/types\/page"}],"author":[{"embeddable":true,"href":"https:\/\/freebeer.org\/blog\/wp-json\/wp\/v2\/users\/8"}],"replies":[{"embeddable":true,"href":"https:\/\/freebeer.org\/blog\/wp-json\/wp\/v2\/comments?post=18"}],"version-history":[{"count":10,"href":"https:\/\/freebeer.org\/blog\/wp-json\/wp\/v2\/pages\/18\/revisions"}],"predecessor-version":[{"id":243,"href":"https:\/\/freebeer.org\/blog\/wp-json\/wp\/v2\/pages\/18\/revisions\/243"}],"wp:attachment":[{"href":"https:\/\/freebeer.org\/blog\/wp-json\/wp\/v2\/media?parent=18"}],"curies":[{"name":"wp","href":"https:\/\/api.w.org\/{rel}","templated":true}]}}